{"id":170,"date":"2025-02-26T14:34:44","date_gmt":"2025-02-26T18:34:44","guid":{"rendered":"https:\/\/coaching.drstephaniemelanson.ca\/?page_id=170"},"modified":"2025-11-12T15:55:48","modified_gmt":"2025-11-12T19:55:48","slug":"a-propos","status":"publish","type":"page","link":"https:\/\/coaching.drstephaniemelanson.ca\/fr\/a-propos\/","title":{"rendered":"\u00c0 Propos"},"content":{"rendered":"\n<p>Dr Melanson est plus qu'un simple m\u00e9decin - c'est un mentor, un coach et un fervent d\u00e9fenseur des m\u00e9decins qui s'efforcent de mener une carri\u00e8re \u00e9panouissante sans s'\u00e9puiser. Avec une formation en m\u00e9decine sportive et en obst\u00e9trique, et plus de 17 ans d'exp\u00e9rience clinique pratique et de leadership, le Dr Melanson comprend la pression, les longues heures et les sacrifices personnels qui accompagnent le travail d'un professionnel de la sant\u00e9.<\/p>\n\n\n\n<p>Ayant occup\u00e9 des postes de direction aux niveaux r\u00e9gional, national et international, le Dr Melanson apporte une grande exp\u00e9rience de la navigation dans des environnements de soins de sant\u00e9 complexes. Elle a beaucoup travaill\u00e9 avec des m\u00e9decins \u00e0 tous les stades de leur carri\u00e8re, qu'il s'agisse d'acc\u00e9der \u00e0 un poste de direction, de g\u00e9rer des environnements m\u00e9dicaux \u00e0 haute pression ou de rechercher un \u00e9quilibre plus durable entre vie professionnelle et vie priv\u00e9e.<\/p>\n\n\n\n<p>En tant que coach, le Dr Melanson aide les m\u00e9decins \u00e0 renforcer leur r\u00e9silience, \u00e0 d\u00e9velopper leurs comp\u00e9tences en mati\u00e8re de leadership et \u00e0 concevoir des carri\u00e8res qui correspondent \u00e0 leurs objectifs et \u00e0 leurs valeurs. Son approche est pratique, encourageante et adapt\u00e9e aux d\u00e9fis uniques des professionnels de la sant\u00e9. Elle est convaincue que les m\u00e9decins m\u00e9ritent de s'\u00e9panouir, non seulement sur le plan professionnel, mais aussi dans tous les aspects de leur vie. Elle travaille avec des m\u00e9decins \u00e0 tous les stades - ceux qui traversent des transitions, qui recherchent la confiance dans des r\u00f4les de leadership ou qui cherchent des moyens de pr\u00e9venir l'\u00e9puisement professionnel tout en continuant \u00e0 exceller dans leur travail.<\/p>\n\n\n\n<p>En dehors de la m\u00e9decine et de l'entra\u00eenement, le Dr Melanson aime lire, rester active en faisant du sport, de la randonn\u00e9e et du jardinage. En tant que fi\u00e8re m\u00e8re de trois enfants, elle comprend parfaitement la difficult\u00e9 de concilier une carri\u00e8re exigeante et la vie de famille, et elle se passionne pour aider les autres \u00e0 trouver cet \u00e9quilibre.<\/p>\n\n\n\n<p>La philosophie du Dr Melanson est simple : On peut exceller en m\u00e9decine sans s'\u00e9puiser. Gr\u00e2ce \u00e0 son coaching, elle permet aux m\u00e9decins de cr\u00e9er des carri\u00e8res significatives et durables tout en donnant la priorit\u00e9 \u00e0 leur propre bien-\u00eatre.<\/p>\n","protected":false},"excerpt":{"rendered":"<p>Dr Melanson est plus qu'un simple m\u00e9decin - c'est un mentor, un coach et un fervent d\u00e9fenseur des m\u00e9decins qui s'efforcent de mener une carri\u00e8re \u00e9panouissante sans s'\u00e9puiser. Avec une formation en m\u00e9decine sportive et en obst\u00e9trique, et plus de 17 ans d'exp\u00e9rience clinique pratique et de leadership, le Dr Melanson comprend la pression, les [&hellip;]<\/p>\n","protected":false},"author":1,"featured_media":0,"parent":0,"menu_order":0,"comment_status":"closed","ping_status":"closed","template":"","meta":{"footnotes":""},"class_list":["post-170","page","type-page","status-publish","hentry"],"_links":{"self":[{"href":"https:\/\/coaching.drstephaniemelanson.ca\/fr\/wp-json\/wp\/v2\/pages\/170","targetHints":{"allow":["GET"]}}],"collection":[{"href":"https:\/\/coaching.drstephaniemelanson.ca\/fr\/wp-json\/wp\/v2\/pages"}],"about":[{"href":"https:\/\/coaching.drstephaniemelanson.ca\/fr\/wp-json\/wp\/v2\/types\/page"}],"author":[{"embeddable":true,"href":"https:\/\/coaching.drstephaniemelanson.ca\/fr\/wp-json\/wp\/v2\/users\/1"}],"replies":[{"embeddable":true,"href":"https:\/\/coaching.drstephaniemelanson.ca\/fr\/wp-json\/wp\/v2\/comments?post=170"}],"version-history":[{"count":2,"href":"https:\/\/coaching.drstephaniemelanson.ca\/fr\/wp-json\/wp\/v2\/pages\/170\/revisions"}],"predecessor-version":[{"id":190,"href":"https:\/\/coaching.drstephaniemelanson.ca\/fr\/wp-json\/wp\/v2\/pages\/170\/revisions\/190"}],"wp:attachment":[{"href":"https:\/\/coaching.drstephaniemelanson.ca\/fr\/wp-json\/wp\/v2\/media?parent=170"}],"curies":[{"name":"wp","href":"https:\/\/api.w.org\/{rel}","templated":true}]}}